{"id":4266,"date":"2023-09-15T10:22:18","date_gmt":"2023-09-15T08:22:18","guid":{"rendered":"https:\/\/avalontrio.com\/?page_id=4266"},"modified":"2023-12-21T20:36:32","modified_gmt":"2023-12-21T19:36:32","slug":"recaudacion-fondos","status":"publish","type":"page","link":"https:\/\/avalontrio.com\/index.php\/recaudacion-fondos\/","title":{"rendered":"Recaudacion de fondos"},"content":{"rendered":"\t\t<div data-elementor-type=\"wp-page\" data-elementor-id=\"4266\" class=\"elementor elementor-4266\" data-elementor-post-type=\"page\">\n\t\t\t\t\t\t<section class=\"elementor-section elementor-top-section elementor-element elementor-element-e421ef0 elementor-section-boxed elementor-section-height-default elementor-section-height-default\" data-id=\"e421ef0\" data-element_type=\"section\">\n\t\t\t\t\t\t<div class=\"elementor-container elementor-column-gap-default\">\n\t\t\t\t\t<div class=\"elementor-column elementor-col-100 elementor-top-column elementor-element elementor-element-b3b7046\" data-id=\"b3b7046\" data-element_type=\"column\">\n\t\t\t<div class=\"elementor-widget-wrap elementor-element-populated\">\n\t\t\t\t\t\t<div class=\"elementor-element elementor-element-1ed9cee elementor-widget elementor-widget-text-editor\" data-id=\"1ed9cee\" data-element_type=\"widget\" data-widget_type=\"text-editor.default\">\n\t\t\t\t<div class=\"elementor-widget-container\">\n\t\t\t<style>\/*! elementor - v3.21.0 - 24-04-2024 *\/\n.elementor-widget-text-editor.elementor-drop-cap-view-stacked .elementor-drop-cap{background-color:#69727d;color:#fff}.elementor-widget-text-editor.elementor-drop-cap-view-framed .elementor-drop-cap{color:#69727d;border:3px solid;background-color:transparent}.elementor-widget-text-editor:not(.elementor-drop-cap-view-default) .elementor-drop-cap{margin-top:8px}.elementor-widget-text-editor:not(.elementor-drop-cap-view-default) .elementor-drop-cap-letter{width:1em;height:1em}.elementor-widget-text-editor .elementor-drop-cap{float:left;text-align:center;line-height:1;font-size:50px}.elementor-widget-text-editor .elementor-drop-cap-letter{display:inline-block}<\/style>\t\t\t\t<p class=\"p1\"><strong>Recaudaci\u00f3n de fondos para<\/strong> la gesti\u00f3n cultural de \u00c0valon<\/p><p class=\"p1\">\u00c0valon es un trio musical en clave de mujer con voz, guitarra, bajo y percusi\u00f3n.<br \/>Nuestro espect\u00e1culo es conmovedor con un desarrollo sorprendente. Somos un grupo apasionado con inspiraci\u00f3n para hacer reflexionar.<\/p><p class=\"p1\">Nuestro repertorio es de m\u00fasica del mundo y se acompa\u00f1a en escena de una breve introducci\u00f3n de las obras de compositoras o int\u00e9rpretes. En la web est\u00e1n incluidas muestras de trabajo donde podr\u00e1 ver alguna publicaci\u00f3n de nuestra trayectoria en la escena cultural.<\/p><p class=\"p1\">\u00bfEst\u00e1 interesado\/a?<\/p><p>Muchas gracias por apoyarnos y participar en hacernos crecer m\u00e1s all\u00e1 de nuestras fronteras.<\/p><p class=\"p2\"><span class=\"s1\">IBAN: <\/span>ES36 0182 3528 3102 0041 3736 \/\/ SWIFT: BBVAESMMXX<\/p><p class=\"p1\">BIZUM: +34 666 115 770<\/p><p class=\"p1\">Su colaboraci\u00f3n tambi\u00e9n nos puede ayudar para:<\/p><p class=\"p1\">&#8211; Relaciones p\u00fablicas y comunicaci\u00f3n con los organizadores de conciertos<\/p><p class=\"p1\">&#8211; Dise\u00f1o, supervisi\u00f3n y desarrollo del proyecto sonoro<\/p><p class=\"p1\">&#8211; Producci\u00f3n musical<\/p><p class=\"p1\">Si tiene alguna pregunta, puede enviarnos un correo electr\u00f3nico a<\/p><p class=\"p1\"><a href=\"mailto:trioavalon@gmail.com\">trioavalon@gmail.com<\/a><\/p>\t\t\t\t\t\t<\/div>\n\t\t\t\t<\/div>\n\t\t\t\t\t<\/div>\n\t\t<\/div>\n\t\t\t\t\t<\/div>\n\t\t<\/section>\n\t\t\t\t<\/div>\n\t\t","protected":false},"excerpt":{"rendered":"<p>Recaudaci\u00f3n de fondos para la gesti\u00f3n cultural de \u00c0valon \u00c0valon es un trio musical en clave de mujer con voz, guitarra, bajo y percusi\u00f3n.Nuestro espect\u00e1culo es conmovedor con un desarrollo sorprendente. Somos un grupo apasionado con inspiraci\u00f3n para hacer reflexionar. Nuestro repertorio es de m\u00fasica del mundo y se acompa\u00f1a en escena de una breve [&hellip;]<\/p>\n","protected":false},"author":1,"featured_media":0,"parent":0,"menu_order":0,"comment_status":"closed","ping_status":"closed","template":"","meta":{"_uag_custom_page_level_css":"","footnotes":""},"uagb_featured_image_src":{"full":false,"thumbnail":false,"medium":false,"medium_large":false,"large":false,"1536x1536":false,"2048x2048":false},"uagb_author_info":{"display_name":"avalontrio.com","author_link":"https:\/\/avalontrio.com\/index.php\/author\/avalontrio-com\/"},"uagb_comment_info":0,"uagb_excerpt":"Recaudaci\u00f3n de fondos para la gesti\u00f3n cultural de \u00c0valon \u00c0valon es un trio musical en clave de mujer con voz, guitarra, bajo y percusi\u00f3n.Nuestro espect\u00e1culo es conmovedor con un desarrollo sorprendente. Somos un grupo apasionado con inspiraci\u00f3n para hacer reflexionar. Nuestro repertorio es de m\u00fasica del mundo y se acompa\u00f1a en escena de una breve&hellip;","_links":{"self":[{"href":"https:\/\/avalontrio.com\/index.php\/wp-json\/wp\/v2\/pages\/4266"}],"collection":[{"href":"https:\/\/avalontrio.com\/index.php\/wp-json\/wp\/v2\/pages"}],"about":[{"href":"https:\/\/avalontrio.com\/index.php\/wp-json\/wp\/v2\/types\/page"}],"author":[{"embeddable":true,"href":"https:\/\/avalontrio.com\/index.php\/wp-json\/wp\/v2\/users\/1"}],"replies":[{"embeddable":true,"href":"https:\/\/avalontrio.com\/index.php\/wp-json\/wp\/v2\/comments?post=4266"}],"version-history":[{"count":28,"href":"https:\/\/avalontrio.com\/index.php\/wp-json\/wp\/v2\/pages\/4266\/revisions"}],"predecessor-version":[{"id":4733,"href":"https:\/\/avalontrio.com\/index.php\/wp-json\/wp\/v2\/pages\/4266\/revisions\/4733"}],"wp:attachment":[{"href":"https:\/\/avalontrio.com\/index.php\/wp-json\/wp\/v2\/media?parent=4266"}],"curies":[{"name":"wp","href":"https:\/\/api.w.org\/{rel}","templated":true}]}}